{"id":97,"date":"2025-01-07T21:45:57","date_gmt":"2025-01-07T21:45:57","guid":{"rendered":"https:\/\/www.elinavainikainen.fi\/?page_id=97"},"modified":"2025-03-22T17:17:19","modified_gmt":"2025-03-22T17:17:19","slug":"97-2","status":"publish","type":"page","link":"https:\/\/www.elinavainikainen.fi\/","title":{"rendered":""},"content":{"rendered":"\n<div class=\"wp-block-group alignfull has-background-color has-white-color has-black-background-color has-text-color has-background has-link-color wp-elements-5e0c32b95ff023fc583588ff93d942f0 has-global-padding is-layout-constrained wp-container-core-group-is-layout-4 wp-block-group-is-layout-constrained\" style=\"padding-top:var(--wp--preset--spacing--30);padding-right:var(--wp--preset--spacing--30);padding-bottom:var(--wp--preset--spacing--30);padding-left:var(--wp--preset--spacing--30)\">\n<div class=\"wp-block-group alignwide is-content-justification-space-between is-layout-flex wp-container-core-group-is-layout-3 wp-block-group-is-layout-flex\">\n<div class=\"wp-block-group is-layout-flex wp-block-group-is-layout-flex\"><div class=\"is-default-size wp-block-site-logo\"><a href=\"https:\/\/www.elinavainikainen.fi\/\" class=\"custom-logo-link\" rel=\"home\"><img fetchpriority=\"high\" decoding=\"async\" width=\"1360\" height=\"1360\" src=\"https:\/\/www.elinavainikainen.fi\/wp-content\/uploads\/2025\/01\/logo_vasemmisto_CMYK_pinkki@2x.png\" class=\"custom-logo\" alt=\"Elina Vainikainen\" srcset=\"https:\/\/www.elinavainikainen.fi\/wp-content\/uploads\/2025\/01\/logo_vasemmisto_CMYK_pinkki@2x.png 1360w, https:\/\/www.elinavainikainen.fi\/wp-content\/uploads\/2025\/01\/logo_vasemmisto_CMYK_pinkki@2x-300x300.png 300w, https:\/\/www.elinavainikainen.fi\/wp-content\/uploads\/2025\/01\/logo_vasemmisto_CMYK_pinkki@2x-1024x1024.png 1024w, https:\/\/www.elinavainikainen.fi\/wp-content\/uploads\/2025\/01\/logo_vasemmisto_CMYK_pinkki@2x-150x150.png 150w, https:\/\/www.elinavainikainen.fi\/wp-content\/uploads\/2025\/01\/logo_vasemmisto_CMYK_pinkki@2x-768x768.png 768w, https:\/\/www.elinavainikainen.fi\/wp-content\/uploads\/2025\/01\/logo_vasemmisto_CMYK_pinkki@2x-80x80.png 80w\" sizes=\"(max-width: 1360px) 100vw, 1360px\" \/><\/a><\/div>\n\n<h2 class=\"has-link-color wp-elements-807bbbe6ba29e1a5a851edaff89d844e wp-block-site-title\"><a href=\"https:\/\/www.elinavainikainen.fi\" target=\"_self\" rel=\"home\">Elina Vainikainen<\/a><\/h2><\/div>\n\n\n\n<div class=\"wp-block-group is-layout-flex wp-block-group-is-layout-flex\">\n<div class=\"wp-block-buttons is-layout-flex wp-block-buttons-is-layout-flex\">\n<div class=\"wp-block-button is-style-outline is-style-outline--1\"><a class=\"wp-block-button__link wp-element-button\" href=\"https:\/\/vaalit.vasemmisto.fi\/embed\/ehdokas\/?kieli=fi&amp;vaali=kuntavaalit-2025&amp;kunta=k091&amp;ehdokas=vainikainen-elina-5548&amp;valilehti=donate\">Lahjoita kampanjaan!<\/a><\/div>\n<\/div>\n\n\n\n<div class=\"wp-block-buttons is-layout-flex wp-block-buttons-is-layout-flex\">\n<div class=\"wp-block-button is-style-outline is-style-outline--2\"><a class=\"wp-block-button__link wp-element-button\" href=\"https:\/\/helsinki.vasemmisto.fi\/\">Helsingin Vasemmisto<\/a><\/div>\n<\/div>\n\n\n\n<div class=\"wp-block-buttons is-layout-flex wp-block-buttons-is-layout-flex\">\n<div class=\"wp-block-button is-style-outline is-style-outline--3\"><a class=\"wp-block-button__link wp-element-button\" href=\"https:\/\/www.elinavainikainen.fi\/?cat=5\">Blogi<\/a><\/div>\n<\/div>\n\n\n\n<div class=\"wp-block-buttons is-layout-flex wp-block-buttons-is-layout-flex\">\n<div class=\"wp-block-button is-style-outline is-style-outline--4\"><a class=\"wp-block-button__link wp-element-button\" href=\"https:\/\/www.elinavainikainen.fi\/?page_id=238\">Selkokieli<\/a><\/div>\n<\/div>\n<\/div>\n<\/div>\n<\/div>\n\n\n\n<figure class=\"wp-block-image alignfull size-large\"><img decoding=\"async\" width=\"1024\" height=\"576\" src=\"http:\/\/www.elinavainikainen.fi\/wp-content\/uploads\/2025\/03\/Nimeton-malli-8-1024x576.png\" alt=\"\" class=\"wp-image-258\" srcset=\"https:\/\/www.elinavainikainen.fi\/wp-content\/uploads\/2025\/03\/Nimeton-malli-8-1024x576.png 1024w, https:\/\/www.elinavainikainen.fi\/wp-content\/uploads\/2025\/03\/Nimeton-malli-8-300x169.png 300w, https:\/\/www.elinavainikainen.fi\/wp-content\/uploads\/2025\/03\/Nimeton-malli-8-768x432.png 768w, https:\/\/www.elinavainikainen.fi\/wp-content\/uploads\/2025\/03\/Nimeton-malli-8.png 1366w\" sizes=\"(max-width: 1024px) 100vw, 1024px\" \/><\/figure>\n\n\n\n<div class=\"wp-block-group alignfull has-global-padding is-layout-constrained wp-container-core-group-is-layout-6 wp-block-group-is-layout-constrained\" style=\"min-height:0vh;margin-top:0;margin-bottom:0;padding-top:var(--wp--preset--spacing--70);padding-right:var(--wp--preset--spacing--40);padding-bottom:var(--wp--preset--spacing--70);padding-left:var(--wp--preset--spacing--40)\">\n<div class=\"wp-block-group has-global-padding is-layout-constrained wp-container-core-group-is-layout-5 wp-block-group-is-layout-constrained\">\n<h1 class=\"wp-block-heading has-text-align-center is-style-default\" style=\"margin-top:0;margin-right:0;margin-bottom:0;margin-left:0;padding-top:0;padding-right:0;padding-bottom:0;padding-left:0;font-size:clamp(2.917rem, 2.917rem + ((1vw - 0.2rem) * 4.365), 5.7rem);\"><strong>Sin\u00e4 olet Helsinki.<\/strong><\/h1>\n\n\n\n<h3 class=\"wp-block-heading has-text-align-center\">Se tarkoittaa, ett\u00e4 sin\u00e4 olet t\u00e4rke\u00e4 ja ett\u00e4 sinua pit\u00e4\u00e4 kuunnella.<\/h3>\n\n\n\n<p class=\"has-text-align-left\"><mark style=\"background-color:#fa9cd4\" class=\"has-inline-color has-custom-color-1-color\">Hyv\u00e4 kaupunki on hyv\u00e4 sen jokaiselle asukkaalle. Minun Helsingiss\u00e4ni ei tehd\u00e4 p\u00e4\u00e4t\u00f6ksi\u00e4 vain hyvinvoivien, varakkaiden ja \u00e4\u00e4nekk\u00e4iden ehdoilla, vaan ymm\u00e4rret\u00e4\u00e4n, ett\u00e4 ihmisill\u00e4 on erilaisia tarpeita. Jokainen helsinkil\u00e4inen on yht\u00e4 arvokas.<\/mark><\/p>\n\n\n\n<div class=\"wp-block-buttons is-content-justification-left is-layout-flex wp-container-core-buttons-is-layout-5 wp-block-buttons-is-layout-flex\">\n<div class=\"wp-block-button\"><a class=\"wp-block-button__link wp-element-button\" href=\"https:\/\/www.elinavainikainen.fi\/?page_id=186\"><strong>Lue lis\u00e4\u00e4!<\/strong><\/a><\/div>\n<\/div>\n<\/div>\n<\/div>\n\n\n\n<div class=\"wp-block-group alignfull has-global-padding is-layout-constrained wp-container-core-group-is-layout-7 wp-block-group-is-layout-constrained\" style=\"margin-top:0;margin-bottom:0;padding-top:var(--wp--preset--spacing--50);padding-bottom:var(--wp--preset--spacing--50)\">\n<div class=\"wp-block-columns alignwide is-layout-flex wp-container-core-columns-is-layout-1 wp-block-columns-is-layout-flex\">\n<div class=\"wp-block-column is-layout-flow wp-block-column-is-layout-flow\">\n<figure class=\"wp-block-image size-full\" style=\"margin-bottom:24px\"><img decoding=\"async\" width=\"1266\" height=\"1155\" src=\"https:\/\/www.elinavainikainen.fi\/wp-content\/uploads\/2025\/01\/RB_vainikainen_2025_MMheart.png\" alt=\"\" class=\"wp-image-145\" style=\"aspect-ratio:4\/3;object-fit:cover\" srcset=\"https:\/\/www.elinavainikainen.fi\/wp-content\/uploads\/2025\/01\/RB_vainikainen_2025_MMheart.png 1266w, https:\/\/www.elinavainikainen.fi\/wp-content\/uploads\/2025\/01\/RB_vainikainen_2025_MMheart-300x274.png 300w, https:\/\/www.elinavainikainen.fi\/wp-content\/uploads\/2025\/01\/RB_vainikainen_2025_MMheart-1024x934.png 1024w, https:\/\/www.elinavainikainen.fi\/wp-content\/uploads\/2025\/01\/RB_vainikainen_2025_MMheart-768x701.png 768w\" sizes=\"(max-width: 1266px) 100vw, 1266px\" \/><\/figure>\n\n\n\n<h3 class=\"wp-block-heading\">Yhdenvertaisuudesta<\/h3>\n\n\n\n<p class=\"has-medium-font-size\">Minulle kaikki politiikka on yhdenvertaisuuspolitiikkaa. <\/p>\n\n\n\n<div class=\"wp-block-buttons is-layout-flex wp-block-buttons-is-layout-flex\">\n<div class=\"wp-block-button\"><a class=\"wp-block-button__link wp-element-button\" href=\"https:\/\/www.elinavainikainen.fi\/?page_id=164\"><strong>Lue lis\u00e4\u00e4!<\/strong><\/a><\/div>\n<\/div>\n<\/div>\n\n\n\n<div class=\"wp-block-column is-layout-flow wp-block-column-is-layout-flow\">\n<figure class=\"wp-block-image size-full\" style=\"margin-bottom:24px\"><img loading=\"lazy\" decoding=\"async\" width=\"1144\" height=\"1061\" src=\"https:\/\/www.elinavainikainen.fi\/wp-content\/uploads\/2025\/01\/RB_vainikainen_2025_opemarsu_tausta.png\" alt=\"\" class=\"wp-image-150\" style=\"aspect-ratio:4\/3;object-fit:cover\" srcset=\"https:\/\/www.elinavainikainen.fi\/wp-content\/uploads\/2025\/01\/RB_vainikainen_2025_opemarsu_tausta.png 1144w, https:\/\/www.elinavainikainen.fi\/wp-content\/uploads\/2025\/01\/RB_vainikainen_2025_opemarsu_tausta-300x278.png 300w, https:\/\/www.elinavainikainen.fi\/wp-content\/uploads\/2025\/01\/RB_vainikainen_2025_opemarsu_tausta-1024x950.png 1024w, https:\/\/www.elinavainikainen.fi\/wp-content\/uploads\/2025\/01\/RB_vainikainen_2025_opemarsu_tausta-768x712.png 768w\" sizes=\"(max-width: 1144px) 100vw, 1144px\" \/><\/figure>\n\n\n\n<h3 class=\"wp-block-heading\">Koulutuksesta<\/h3>\n\n\n\n<p class=\"has-medium-font-size\">Kasvatus, koulutus ja sivistys kuuluvat kaikille. <\/p>\n\n\n\n<div class=\"wp-block-buttons is-layout-flex wp-block-buttons-is-layout-flex\">\n<div class=\"wp-block-button\"><a class=\"wp-block-button__link wp-element-button\" href=\"https:\/\/www.elinavainikainen.fi\/?page_id=180\"><strong>Lue lis\u00e4\u00e4!<\/strong><\/a><\/div>\n<\/div>\n<\/div>\n\n\n\n<div class=\"wp-block-column is-layout-flow wp-block-column-is-layout-flow\">\n<figure class=\"wp-block-image size-full\" style=\"margin-bottom:24px\"><img loading=\"lazy\" decoding=\"async\" width=\"1239\" height=\"1029\" src=\"https:\/\/www.elinavainikainen.fi\/wp-content\/uploads\/2025\/01\/RB_vainikainen_2025_jaa-a_vakava.png\" alt=\"\" class=\"wp-image-144\" style=\"aspect-ratio:4\/3;object-fit:cover\" srcset=\"https:\/\/www.elinavainikainen.fi\/wp-content\/uploads\/2025\/01\/RB_vainikainen_2025_jaa-a_vakava.png 1239w, https:\/\/www.elinavainikainen.fi\/wp-content\/uploads\/2025\/01\/RB_vainikainen_2025_jaa-a_vakava-300x249.png 300w, https:\/\/www.elinavainikainen.fi\/wp-content\/uploads\/2025\/01\/RB_vainikainen_2025_jaa-a_vakava-1024x850.png 1024w, https:\/\/www.elinavainikainen.fi\/wp-content\/uploads\/2025\/01\/RB_vainikainen_2025_jaa-a_vakava-768x638.png 768w\" sizes=\"(max-width: 1239px) 100vw, 1239px\" \/><\/figure>\n\n\n\n<h3 class=\"wp-block-heading\">Marsuista<\/h3>\n\n\n\n<p class=\"has-medium-font-size\">Miten lempe\u00e4t laumael\u00e4imet t\u00e4h\u00e4n liittyv\u00e4t?<\/p>\n\n\n\n<div class=\"wp-block-buttons is-layout-flex wp-block-buttons-is-layout-flex\">\n<div class=\"wp-block-button\"><a class=\"wp-block-button__link wp-element-button\" href=\"https:\/\/www.elinavainikainen.fi\/?page_id=167\"><strong>Nuuhkaise!<\/strong><\/a><\/div>\n<\/div>\n<\/div>\n<\/div>\n<\/div>\n\n\n\n<div class=\"wp-block-group alignfull is-style-section-1 has-global-padding is-layout-constrained wp-container-core-group-is-layout-9 wp-block-group-is-layout-constrained is-style-section-1--5\" style=\"min-height:100vh;margin-top:0;margin-bottom:0;padding-top:var(--wp--preset--spacing--80);padding-right:var(--wp--preset--spacing--80);padding-bottom:var(--wp--preset--spacing--80);padding-left:var(--wp--preset--spacing--80)\">\n<div class=\"wp-block-columns alignwide are-vertically-aligned-center is-layout-flex wp-container-core-columns-is-layout-2 wp-block-columns-is-layout-flex\">\n<div class=\"wp-block-column is-vertically-aligned-center is-layout-flow wp-block-column-is-layout-flow\">\n<figure class=\"wp-block-image aligncenter size-full has-custom-border\"><img loading=\"lazy\" decoding=\"async\" width=\"1221\" height=\"1581\" src=\"https:\/\/www.elinavainikainen.fi\/wp-content\/uploads\/2025\/01\/RB_vainikainen_2025_feissi.png\" alt=\"\" class=\"wp-image-148\" style=\"border-top-left-radius:150px;border-bottom-right-radius:150px;object-fit:cover\" srcset=\"https:\/\/www.elinavainikainen.fi\/wp-content\/uploads\/2025\/01\/RB_vainikainen_2025_feissi.png 1221w, https:\/\/www.elinavainikainen.fi\/wp-content\/uploads\/2025\/01\/RB_vainikainen_2025_feissi-232x300.png 232w, https:\/\/www.elinavainikainen.fi\/wp-content\/uploads\/2025\/01\/RB_vainikainen_2025_feissi-791x1024.png 791w, https:\/\/www.elinavainikainen.fi\/wp-content\/uploads\/2025\/01\/RB_vainikainen_2025_feissi-768x994.png 768w, https:\/\/www.elinavainikainen.fi\/wp-content\/uploads\/2025\/01\/RB_vainikainen_2025_feissi-1186x1536.png 1186w\" sizes=\"(max-width: 1221px) 100vw, 1221px\" \/><\/figure>\n<\/div>\n\n\n\n<div class=\"wp-block-column is-vertically-aligned-center is-layout-flow wp-block-column-is-layout-flow\">\n<div class=\"wp-block-group is-vertical is-content-justification-stretch is-layout-flex wp-container-core-group-is-layout-8 wp-block-group-is-layout-flex\">\n<h1 class=\"wp-block-heading has-text-align-left\">Elina Vainikainen<\/h1>\n\n\n\n<p>Morjens! Olen Elina, ammattimaailmanparantaja Vallilasta. Synnyin 45 vuotta sitten turkulaiseen duunariperheeseen, muutin lukion j\u00e4lkeen Tampereelle opiskelemaan ja viimeiset 15 vuotta olen vaikuttanut Helsingiss\u00e4. <\/p>\n\n\n\n<div class=\"wp-block-buttons is-layout-flex wp-block-buttons-is-layout-flex\">\n<div class=\"wp-block-button\"><a class=\"wp-block-button__link wp-element-button\" href=\"https:\/\/www.elinavainikainen.fi\/?page_id=169\"><strong>Tutustu minuun lis\u00e4\u00e4!<\/strong><\/a><\/div>\n<\/div>\n<\/div>\n<\/div>\n<\/div>\n<\/div>\n\n\n\n<div class=\"wp-block-group alignfull has-global-padding is-layout-constrained wp-container-core-group-is-layout-10 wp-block-group-is-layout-constrained\" style=\"margin-top:0;margin-bottom:0;padding-top:var(--wp--preset--spacing--60);padding-bottom:var(--wp--preset--spacing--60)\">\n<div class=\"wp-block-buttons alignwide has-custom-font-size has-medium-font-size is-content-justification-center is-layout-flex wp-container-core-buttons-is-layout-10 wp-block-buttons-is-layout-flex\">\n<div class=\"wp-block-button\"><a class=\"wp-block-button__link wp-element-button\" href=\"https:\/\/helsinki.vasemmisto.fi\/kuntavaalit-2025\/helsingin-vasemmiston-kuntavaaliohjelma-2025\/\">Helsingin Vasemmiston kuntavaaliohjelma<\/a><\/div>\n\n\n\n<div class=\"wp-block-button\"><a class=\"wp-block-button__link wp-element-button\" href=\"https:\/\/vasemmisto.fi\/vasemmistoliiton-kunta-ja-aluevaaliohjelma-2025\/\">Vasemmiston alue- ja kuntavaaliohjelma<\/a><\/div>\n\n\n\n<div class=\"wp-block-button\"><a class=\"wp-block-button__link wp-element-button\" href=\"http:\/\/vasemmistofoorumi.fi\">Vasemmistofoorumi<\/a><\/div>\n\n\n\n<div class=\"wp-block-button\"><a class=\"wp-block-button__link wp-element-button\" href=\"http:\/\/ksl.fi\">KSL-opintokeskus<\/a><\/div>\n\n\n\n<div class=\"wp-block-button\"><a class=\"wp-block-button__link wp-element-button\" href=\"https:\/\/www.ksl.fi\/julkaisut\/avoin-osasto\/\">Avoin osasto<\/a><\/div>\n\n\n\n<div class=\"wp-block-button\"><a class=\"wp-block-button__link wp-element-button\" href=\"https:\/\/www.ksl.fi\/julkaisut\/syrjimaton-kieli\/\">Syrjim\u00e4t\u00f6n kieli<\/a><\/div>\n<\/div>\n<\/div>\n\n\n\n<ul class=\"wp-block-social-links aligncenter is-content-justification-right is-layout-flex wp-container-core-social-links-is-layout-1 wp-block-social-links-is-layout-flex\"><li class=\"wp-social-link wp-social-link-facebook  wp-block-social-link\"><a href=\"https:\/\/facebook.com\/vainikainenelina\" class=\"wp-block-social-link-anchor\"><svg width=\"24\" height=\"24\" viewBox=\"0 0 24 24\" version=\"1.1\" xmlns=\"http:\/\/www.w3.org\/2000\/svg\" aria-hidden=\"true\" focusable=\"false\"><path d=\"M12 2C6.5 2 2 6.5 2 12c0 5 3.7 9.1 8.4 9.9v-7H7.9V12h2.5V9.8c0-2.5 1.5-3.9 3.8-3.9 1.1 0 2.2.2 2.2.2v2.5h-1.3c-1.2 0-1.6.8-1.6 1.6V12h2.8l-.4 2.9h-2.3v7C18.3 21.1 22 17 22 12c0-5.5-4.5-10-10-10z\"><\/path><\/svg><span class=\"wp-block-social-link-label screen-reader-text\">Facebook<\/span><\/a><\/li>\n\n<li class=\"wp-social-link wp-social-link-instagram  wp-block-social-link\"><a href=\"https:\/\/instagram.com\/elina_vainikainen\" class=\"wp-block-social-link-anchor\"><svg width=\"24\" height=\"24\" viewBox=\"0 0 24 24\" version=\"1.1\" xmlns=\"http:\/\/www.w3.org\/2000\/svg\" aria-hidden=\"true\" focusable=\"false\"><path d=\"M12,4.622c2.403,0,2.688,0.009,3.637,0.052c0.877,0.04,1.354,0.187,1.671,0.31c0.42,0.163,0.72,0.358,1.035,0.673 c0.315,0.315,0.51,0.615,0.673,1.035c0.123,0.317,0.27,0.794,0.31,1.671c0.043,0.949,0.052,1.234,0.052,3.637 s-0.009,2.688-0.052,3.637c-0.04,0.877-0.187,1.354-0.31,1.671c-0.163,0.42-0.358,0.72-0.673,1.035 c-0.315,0.315-0.615,0.51-1.035,0.673c-0.317,0.123-0.794,0.27-1.671,0.31c-0.949,0.043-1.233,0.052-3.637,0.052 s-2.688-0.009-3.637-0.052c-0.877-0.04-1.354-0.187-1.671-0.31c-0.42-0.163-0.72-0.358-1.035-0.673 c-0.315-0.315-0.51-0.615-0.673-1.035c-0.123-0.317-0.27-0.794-0.31-1.671C4.631,14.688,4.622,14.403,4.622,12 s0.009-2.688,0.052-3.637c0.04-0.877,0.187-1.354,0.31-1.671c0.163-0.42,0.358-0.72,0.673-1.035 c0.315-0.315,0.615-0.51,1.035-0.673c0.317-0.123,0.794-0.27,1.671-0.31C9.312,4.631,9.597,4.622,12,4.622 M12,3 C9.556,3,9.249,3.01,8.289,3.054C7.331,3.098,6.677,3.25,6.105,3.472C5.513,3.702,5.011,4.01,4.511,4.511 c-0.5,0.5-0.808,1.002-1.038,1.594C3.25,6.677,3.098,7.331,3.054,8.289C3.01,9.249,3,9.556,3,12c0,2.444,0.01,2.751,0.054,3.711 c0.044,0.958,0.196,1.612,0.418,2.185c0.23,0.592,0.538,1.094,1.038,1.594c0.5,0.5,1.002,0.808,1.594,1.038 c0.572,0.222,1.227,0.375,2.185,0.418C9.249,20.99,9.556,21,12,21s2.751-0.01,3.711-0.054c0.958-0.044,1.612-0.196,2.185-0.418 c0.592-0.23,1.094-0.538,1.594-1.038c0.5-0.5,0.808-1.002,1.038-1.594c0.222-0.572,0.375-1.227,0.418-2.185 C20.99,14.751,21,14.444,21,12s-0.01-2.751-0.054-3.711c-0.044-0.958-0.196-1.612-0.418-2.185c-0.23-0.592-0.538-1.094-1.038-1.594 c-0.5-0.5-1.002-0.808-1.594-1.038c-0.572-0.222-1.227-0.375-2.185-0.418C14.751,3.01,14.444,3,12,3L12,3z M12,7.378 c-2.552,0-4.622,2.069-4.622,4.622S9.448,16.622,12,16.622s4.622-2.069,4.622-4.622S14.552,7.378,12,7.378z M12,15 c-1.657,0-3-1.343-3-3s1.343-3,3-3s3,1.343,3,3S13.657,15,12,15z M16.804,6.116c-0.596,0-1.08,0.484-1.08,1.08 s0.484,1.08,1.08,1.08c0.596,0,1.08-0.484,1.08-1.08S17.401,6.116,16.804,6.116z\"><\/path><\/svg><span class=\"wp-block-social-link-label screen-reader-text\">Instagram<\/span><\/a><\/li>\n\n<li class=\"wp-social-link wp-social-link-threads  wp-block-social-link\"><a href=\"https:\/\/threads.com\/elina_vainikainen\" class=\"wp-block-social-link-anchor\"><svg width=\"24\" height=\"24\" viewBox=\"0 0 24 24\" version=\"1.1\" xmlns=\"http:\/\/www.w3.org\/2000\/svg\" aria-hidden=\"true\" focusable=\"false\"><path d=\"M16.3 11.3c-.1 0-.2-.1-.2-.1-.1-2.6-1.5-4-3.9-4-1.4 0-2.6.6-3.3 1.7l1.3.9c.5-.8 1.4-1 2-1 .8 0 1.4.2 1.7.7.3.3.5.8.5 1.3-.7-.1-1.4-.2-2.2-.1-2.2.1-3.7 1.4-3.6 3.2 0 .9.5 1.7 1.3 2.2.7.4 1.5.6 2.4.6 1.2-.1 2.1-.5 2.7-1.3.5-.6.8-1.4.9-2.4.6.3 1 .8 1.2 1.3.4.9.4 2.4-.8 3.6-1.1 1.1-2.3 1.5-4.3 1.5-2.1 0-3.8-.7-4.8-2S5.7 14.3 5.7 12c0-2.3.5-4.1 1.5-5.4 1.1-1.3 2.7-2 4.8-2 2.2 0 3.8.7 4.9 2 .5.7.9 1.5 1.2 2.5l1.5-.4c-.3-1.2-.8-2.2-1.5-3.1-1.3-1.7-3.3-2.6-6-2.6-2.6 0-4.7.9-6 2.6C4.9 7.2 4.3 9.3 4.3 12s.6 4.8 1.9 6.4c1.4 1.7 3.4 2.6 6 2.6 2.3 0 4-.6 5.3-2 1.8-1.8 1.7-4 1.1-5.4-.4-.9-1.2-1.7-2.3-2.3zm-4 3.8c-1 .1-2-.4-2-1.3 0-.7.5-1.5 2.1-1.6h.5c.6 0 1.1.1 1.6.2-.2 2.3-1.3 2.7-2.2 2.7z\"\/><\/svg><span class=\"wp-block-social-link-label screen-reader-text\">Threads<\/span><\/a><\/li>\n\n<li class=\"wp-social-link wp-social-link-bluesky  wp-block-social-link\"><a href=\"https:\/\/bsky.app\/profile\/vainikainen.bsky.social\" class=\"wp-block-social-link-anchor\"><svg width=\"24\" height=\"24\" viewBox=\"0 0 24 24\" version=\"1.1\" xmlns=\"http:\/\/www.w3.org\/2000\/svg\" aria-hidden=\"true\" focusable=\"false\"><path d=\"M6.3,4.2c2.3,1.7,4.8,5.3,5.7,7.2.9-1.9,3.4-5.4,5.7-7.2,1.7-1.3,4.3-2.2,4.3.9s-.4,5.2-.6,5.9c-.7,2.6-3.3,3.2-5.6,2.8,4,.7,5.1,3,2.9,5.3-5,5.2-6.7-2.8-6.7-2.8,0,0-1.7,8-6.7,2.8-2.2-2.3-1.2-4.6,2.9-5.3-2.3.4-4.9-.3-5.6-2.8-.2-.7-.6-5.3-.6-5.9,0-3.1,2.7-2.1,4.3-.9h0Z\"><\/path><\/svg><span class=\"wp-block-social-link-label screen-reader-text\">Bluesky<\/span><\/a><\/li><\/ul>\n\n\n\n<figure class=\"wp-block-pullquote\"><blockquote><p><mark style=\"background-color:rgba(0, 0, 0, 0)\" class=\"has-inline-color has-custom-color-1-color\">Muista \u00e4\u00e4nest\u00e4\u00e4 13.4.2025 <\/mark><br><mark style=\"background-color:rgba(0, 0, 0, 0)\" class=\"has-inline-color has-custom-color-1-color\">tai ennakkoon!<\/mark><\/p><\/blockquote><\/figure>\n\n\n\n<p><\/p>\n\n\n\n<p><\/p>\n","protected":false},"excerpt":{"rendered":"<p>Sin\u00e4 olet Helsinki. Se tarkoittaa, ett\u00e4 sin\u00e4 olet t\u00e4rke\u00e4 ja ett\u00e4 sinua pit\u00e4\u00e4 kuunnella. Hyv\u00e4 kaupunki on hyv\u00e4 sen jokaiselle asukkaalle. Minun Helsingiss\u00e4ni ei tehd\u00e4 p\u00e4\u00e4t\u00f6ksi\u00e4 vain hyvinvoivien, varakkaiden ja \u00e4\u00e4nekk\u00e4iden ehdoilla, vaan ymm\u00e4rret\u00e4\u00e4n, ett\u00e4 ihmisill\u00e4 on erilaisia tarpeita. Jokainen helsinkil\u00e4inen on yht\u00e4 arvokas. Yhdenvertaisuudesta Minulle kaikki politiikka on yhdenvertaisuuspolitiikkaa. Koulutuksesta Kasvatus, koulutus ja sivistys [&hellip;]<\/p>\n","protected":false},"author":1,"featured_media":0,"parent":0,"menu_order":0,"comment_status":"closed","ping_status":"closed","template":"","meta":{"footnotes":""},"class_list":["post-97","page","type-page","status-publish","hentry"],"_links":{"self":[{"href":"https:\/\/www.elinavainikainen.fi\/index.php?rest_route=\/wp\/v2\/pages\/97","targetHints":{"allow":["GET"]}}],"collection":[{"href":"https:\/\/www.elinavainikainen.fi\/index.php?rest_route=\/wp\/v2\/pages"}],"about":[{"href":"https:\/\/www.elinavainikainen.fi\/index.php?rest_route=\/wp\/v2\/types\/page"}],"author":[{"embeddable":true,"href":"https:\/\/www.elinavainikainen.fi\/index.php?rest_route=\/wp\/v2\/users\/1"}],"replies":[{"embeddable":true,"href":"https:\/\/www.elinavainikainen.fi\/index.php?rest_route=%2Fwp%2Fv2%2Fcomments&post=97"}],"version-history":[{"count":46,"href":"https:\/\/www.elinavainikainen.fi\/index.php?rest_route=\/wp\/v2\/pages\/97\/revisions"}],"predecessor-version":[{"id":259,"href":"https:\/\/www.elinavainikainen.fi\/index.php?rest_route=\/wp\/v2\/pages\/97\/revisions\/259"}],"wp:attachment":[{"href":"https:\/\/www.elinavainikainen.fi\/index.php?rest_route=%2Fwp%2Fv2%2Fmedia&parent=97"}],"curies":[{"name":"wp","href":"https:\/\/api.w.org\/{rel}","templated":true}]}}