{"id":238,"date":"2025-03-14T14:06:42","date_gmt":"2025-03-14T14:06:42","guid":{"rendered":"https:\/\/www.elinavainikainen.fi\/?page_id=238"},"modified":"2025-03-14T14:49:00","modified_gmt":"2025-03-14T14:49:00","slug":"vaaleista-selkokielella","status":"publish","type":"page","link":"https:\/\/www.elinavainikainen.fi\/?page_id=238","title":{"rendered":"Vaaleista selkokielell\u00e4"},"content":{"rendered":"\n<p><\/p>\n\n\n\n<div class=\"wp-block-group alignfull has-global-padding is-layout-constrained wp-block-group-is-layout-constrained\" style=\"margin-top:0;margin-bottom:0\">\n<div class=\"wp-block-group alignwide is-layout-flow wp-container-core-group-is-layout-8 wp-block-group-is-layout-flow\" style=\"padding-top:var(--wp--preset--spacing--50);padding-bottom:var(--wp--preset--spacing--50)\">\n<div class=\"wp-block-columns is-layout-flex wp-container-core-columns-is-layout-1 wp-block-columns-is-layout-flex\">\n<div class=\"wp-block-column is-layout-flow wp-block-column-is-layout-flow\">\n<div class=\"wp-block-group is-layout-flow wp-block-group-is-layout-flow\" style=\"border-top-color:var(--wp--preset--color--accent-6);border-top-width:1px;padding-top:var(--wp--preset--spacing--30);padding-bottom:var(--wp--preset--spacing--30)\">\n<h3 class=\"wp-block-heading\">Sin\u00e4 olet Helsinki.<\/h3>\n\n\n\n<p>Huhtikuussa sin\u00e4 saat \u00e4\u00e4nest\u00e4\u00e4 kuntavaaleissa. Min\u00e4 olen ehdolla kuntavaaleissa ja minun puolueeni on <a href=\"https:\/\/vasemmisto.fi\/\">Vasemmistoliitto.<\/a><\/p>\n\n\n\n<p>Ihmiset usein sanovat, ett\u00e4 politiikka on vaikeaa. Siksi min\u00e4 haluan puhua politiikasta my\u00f6s helpolla suomen kielell\u00e4.<\/p>\n\n\n\n<p>Jos sin\u00e4 haluat tiet\u00e4\u00e4 vaaleista enemm\u00e4n, <a href=\"https:\/\/selkokeskus.fi\/wp-content\/uploads\/2025\/02\/VEDOS_32592672_AKV_2025_Selkoesite_FI-v5-1.pdf\">lue Selkokeskuksen vaaliesite.<\/a> Siin\u00e4 kerrotaan, miten vaaleissa \u00e4\u00e4nestet\u00e4\u00e4n kaikkialla Suomessa. Helsingiss\u00e4 ei \u00e4\u00e4nestet\u00e4 aluevaaleissa. Helsingiss\u00e4 on vain kuntavaalit, eli sin\u00e4 saat \u00e4\u00e4nest\u00e4\u00e4 yht\u00e4 ihmist\u00e4. <\/p>\n\n\n\n<p>Minun vaalilauseeni on &#8221;Sin\u00e4 olet Helsinki&#8221;. Se tarkoittaa, ett\u00e4 jokainen helsinkil\u00e4inen on yht\u00e4 t\u00e4rke\u00e4. Se tarkoittaa, ett\u00e4 jokaista helsinkil\u00e4ist\u00e4 t\u00e4ytyy kuunnella.<\/p>\n\n\n\n<p>Helsingiss\u00e4 pit\u00e4\u00e4 mietti\u00e4, mit\u00e4 erilaiset ihmiset tarvitsevat. Helsingin pit\u00e4\u00e4 olla hyv\u00e4 paikka asua kaikille ihmisille. Sen pit\u00e4\u00e4 olla hyv\u00e4 paikka my\u00f6s vammaisille, vanhoille ihmisille, lapsille ja k\u00f6yhille.<\/p>\n\n\n\n<p>Politiikasta puhuvat usein aika varakkaat, terveet ihmiset. Helsingiss\u00e4 pit\u00e4\u00e4 kuunnella kaikenlaisia ihmisi\u00e4. T\u00e4rkeist\u00e4 asioista pit\u00e4\u00e4 kertoa my\u00f6s selkokielell\u00e4, ett\u00e4 kaikki ymm\u00e4rt\u00e4v\u00e4t.<\/p>\n<\/div>\n\n\n\n<p>Sin\u00e4 ja min\u00e4 olemme molemmat Helsinki.<\/p>\n\n\n\n<p>Tehd\u00e4\u00e4n yhdess\u00e4 Helsingist\u00e4 paras paikka ihan kaikille!<\/p>\n\n\n\n<div class=\"wp-block-group is-layout-flow wp-block-group-is-layout-flow\" style=\"border-top-color:var(--wp--preset--color--accent-6);border-top-width:1px;padding-top:var(--wp--preset--spacing--30);padding-bottom:var(--wp--preset--spacing--30)\">\n<figure class=\"wp-block-image size-large\"><img fetchpriority=\"high\" decoding=\"async\" width=\"1024\" height=\"934\" src=\"http:\/\/www.elinavainikainen.fi\/wp-content\/uploads\/2025\/01\/RB_vainikainen_2025_MMheart-1-1024x934.png\" alt=\"\" class=\"wp-image-157\" srcset=\"https:\/\/www.elinavainikainen.fi\/wp-content\/uploads\/2025\/01\/RB_vainikainen_2025_MMheart-1-1024x934.png 1024w, https:\/\/www.elinavainikainen.fi\/wp-content\/uploads\/2025\/01\/RB_vainikainen_2025_MMheart-1-300x274.png 300w, https:\/\/www.elinavainikainen.fi\/wp-content\/uploads\/2025\/01\/RB_vainikainen_2025_MMheart-1-768x701.png 768w, https:\/\/www.elinavainikainen.fi\/wp-content\/uploads\/2025\/01\/RB_vainikainen_2025_MMheart-1.png 1266w\" sizes=\"(max-width: 1024px) 100vw, 1024px\" \/><\/figure>\n<\/div>\n\n\n\n<div class=\"wp-block-group is-layout-flow wp-block-group-is-layout-flow\" style=\"border-top-color:var(--wp--preset--color--accent-6);border-top-width:1px;padding-top:var(--wp--preset--spacing--30);padding-bottom:var(--wp--preset--spacing--30)\"><\/div>\n\n\n\n<div class=\"wp-block-group is-layout-flow wp-block-group-is-layout-flow\" style=\"border-top-color:var(--wp--preset--color--accent-6);border-top-width:1px;padding-top:var(--wp--preset--spacing--30);padding-bottom:var(--wp--preset--spacing--30)\"><\/div>\n\n\n\n<div class=\"wp-block-group is-layout-flow wp-block-group-is-layout-flow\" style=\"border-top-color:var(--wp--preset--color--accent-6);border-top-width:1px;padding-top:var(--wp--preset--spacing--30);padding-bottom:var(--wp--preset--spacing--30)\"><\/div>\n\n\n\n<div class=\"wp-block-group is-layout-flow wp-block-group-is-layout-flow\" style=\"border-top-color:var(--wp--preset--color--accent-6);border-top-width:1px;padding-top:var(--wp--preset--spacing--30);padding-bottom:var(--wp--preset--spacing--30)\"><\/div>\n<\/div>\n\n\n\n<div class=\"wp-block-column is-layout-flow wp-block-column-is-layout-flow\">\n<div class=\"wp-block-group is-layout-flow wp-block-group-is-layout-flow\" style=\"border-top-color:var(--wp--preset--color--accent-6);border-top-width:1px;padding-top:var(--wp--preset--spacing--30);padding-bottom:var(--wp--preset--spacing--30)\">\n<h3 class=\"wp-block-heading\">Koulutuksesta selkokielell\u00e4<\/h3>\n\n\n\n<p>Helsingin kaupunginvaltuusto p\u00e4\u00e4tt\u00e4\u00e4 koulujen ja p\u00e4iv\u00e4kotien asioista.<\/p>\n\n\n\n<p>Min\u00e4 olen ehdolla kaupunginvaltuustoon, koska minun mielest\u00e4ni kasvatus, koulutus ja sivistys kuuluvat kaikille. Se tarkoittaa, ett\u00e4 ihan jokainen voi k\u00e4yd\u00e4 koulussa tai p\u00e4iv\u00e4kodissa tai opiskella muuten.<\/p>\n\n\n\n<p>Min\u00e4 haluan, ett\u00e4 Helsinki laittaa lis\u00e4\u00e4 rahaa kasvatukseen. Jos kasvatukseen ei laiteta tarpeeksi rahaa, lapset ja nuoret eiv\u00e4t opi kunnolla ja he voivat huonosti.<\/p>\n\n\n\n<p>P\u00e4iv\u00e4koteja ja peruskouluja pit\u00e4\u00e4 olla kaikkialla kaupungissa. Jos p\u00e4iv\u00e4koteja ja peruskouluja on liian v\u00e4h\u00e4n, koulumatkoista tulee liian pitki\u00e4.<\/p>\n\n\n\n<p>Luokassa tai p\u00e4iv\u00e4kodin ryhm\u00e4ss\u00e4 ei saa olla liikaa oppilaita. Jos oppilaita on liikaa,opettaja ei ehdi auttaa kaikkia.<\/p>\n\n\n\n<p>Joissakin Helsingin kouluissa on paljon k\u00f6yhi\u00e4 lapsia ja lapsia, jotka eiv\u00e4t viel\u00e4 puhu hyvin suomea. Sellaisissa kouluissa pit\u00e4\u00e4 olla enemm\u00e4n opettajia ja pienemm\u00e4t opetusryhm\u00e4t.<\/p>\n\n\n\n<p>Kouluissa pit\u00e4\u00e4 olla muitakin aikuisia kuin opettajia. Kouluissa pit\u00e4\u00e4 olla tarpeeksi koulupsykologeja, koulunk\u00e4yntiavustajia ja koulukuraattoreita. Jos lapsella on koulussa vaikeaa, n\u00e4m\u00e4 ihmiset osaavat auttaa. Kouluissa pit\u00e4\u00e4 olla my\u00f6s paljon nuorisoty\u00f6ntekij\u00f6it\u00e4.<\/p>\n\n\n\n<p>Opettajan pit\u00e4\u00e4 ymm\u00e4rt\u00e4\u00e4, ett\u00e4 lapset ja nuoret ovat erilaisia. Esimerkiksi vammaiset lapset tai maahanmuuttajaperheen lapset tarvitsevat erilaista tukea. Opettajille pit\u00e4\u00e4 opettaa, miten erilaisia lapsia kohdellaan. Ket\u00e4\u00e4n ei saa kiusata ja kiusaamiseen pit\u00e4\u00e4 puuttua.<\/p>\n\n\n\n<p>Ammatillisissa oppilaitoksissa eli amiksissa pit\u00e4\u00e4 olla enemm\u00e4n l\u00e4hiopetusta. L\u00e4hiopetus tarkoittaa, ett\u00e4 opiskellaan yhdess\u00e4 opettajan kanssa luokassa. Moni ihminen oppii paremmin, kun opiskellaan yhdess\u00e4. Amiksessa opiskeleminen ei saa maksaa mit\u00e4\u00e4n.<\/p>\n\n\n\n<p>My\u00f6s aikuiset voivat opiskella erilaisia asioita Helsingiss\u00e4. Kansanopistoja ja ty\u00f6v\u00e4enopistoja sanotaan vapaaksi sivistysty\u00f6ksi. Se tarkoittaa sellaista opiskelua, josta ei saa tutkintoa. Vapaata sivistysty\u00f6t\u00e4 pit\u00e4\u00e4 olla kaikkialla kaupungissa. Vapaan sivistysty\u00f6n kurssien pit\u00e4\u00e4 olla halpoja, ett\u00e4 kaikki voivat k\u00e4yd\u00e4 kursseilla.<\/p>\n<\/div>\n<\/div>\n<\/div>\n\n\n\n<div class=\"wp-block-columns is-layout-flex wp-container-core-columns-is-layout-2 wp-block-columns-is-layout-flex\"><\/div>\n<\/div>\n<\/div>\n","protected":false},"excerpt":{"rendered":"<p>Sin\u00e4 olet Helsinki. Huhtikuussa sin\u00e4 saat \u00e4\u00e4nest\u00e4\u00e4 kuntavaaleissa. Min\u00e4 olen ehdolla kuntavaaleissa ja minun puolueeni on Vasemmistoliitto. Ihmiset usein sanovat, ett\u00e4 politiikka on vaikeaa. Siksi min\u00e4 haluan puhua politiikasta my\u00f6s helpolla suomen kielell\u00e4. Jos sin\u00e4 haluat tiet\u00e4\u00e4 vaaleista enemm\u00e4n, lue Selkokeskuksen vaaliesite. Siin\u00e4 kerrotaan, miten vaaleissa \u00e4\u00e4nestet\u00e4\u00e4n kaikkialla Suomessa. Helsingiss\u00e4 ei \u00e4\u00e4nestet\u00e4 aluevaaleissa. Helsingiss\u00e4 on [&hellip;]<\/p>\n","protected":false},"author":1,"featured_media":0,"parent":0,"menu_order":0,"comment_status":"closed","ping_status":"closed","template":"","meta":{"footnotes":""},"class_list":["post-238","page","type-page","status-publish","hentry"],"_links":{"self":[{"href":"https:\/\/www.elinavainikainen.fi\/index.php?rest_route=\/wp\/v2\/pages\/238","targetHints":{"allow":["GET"]}}],"collection":[{"href":"https:\/\/www.elinavainikainen.fi\/index.php?rest_route=\/wp\/v2\/pages"}],"about":[{"href":"https:\/\/www.elinavainikainen.fi\/index.php?rest_route=\/wp\/v2\/types\/page"}],"author":[{"embeddable":true,"href":"https:\/\/www.elinavainikainen.fi\/index.php?rest_route=\/wp\/v2\/users\/1"}],"replies":[{"embeddable":true,"href":"https:\/\/www.elinavainikainen.fi\/index.php?rest_route=%2Fwp%2Fv2%2Fcomments&post=238"}],"version-history":[{"count":12,"href":"https:\/\/www.elinavainikainen.fi\/index.php?rest_route=\/wp\/v2\/pages\/238\/revisions"}],"predecessor-version":[{"id":257,"href":"https:\/\/www.elinavainikainen.fi\/index.php?rest_route=\/wp\/v2\/pages\/238\/revisions\/257"}],"wp:attachment":[{"href":"https:\/\/www.elinavainikainen.fi\/index.php?rest_route=%2Fwp%2Fv2%2Fmedia&parent=238"}],"curies":[{"name":"wp","href":"https:\/\/api.w.org\/{rel}","templated":true}]}}